{"id":401,"date":"2013-04-15T09:24:56","date_gmt":"2013-04-15T07:24:56","guid":{"rendered":"http:\/\/imalanc.ro\/w\/?page_id=401"},"modified":"2015-04-16T04:20:51","modified_gmt":"2015-04-16T02:20:51","slug":"szent-laszlo-es-boldog-karoly-kiralyok","status":"publish","type":"page","link":"https:\/\/imalanc.ro\/w\/kezdolap\/szent-laszlo-es-boldog-karoly-kiralyok\/","title":{"rendered":"I. Szent L\u00e1szl\u00f3 kir\u00e1ly (1077 &#8211; 1095)"},"content":{"rendered":"<p style=\"text-align: justify;\">\u00a0\u00a0 Szent L\u00e1szl\u00f3 a magyar uralkod\u00f3i eszm\u00e9ny egyik legt\u00f6k\u00e9letesebb kifejez\u0151je, a kereszt\u00e9nys\u00e9g k\u00f6vetkezetes v\u00e9delmez\u0151je \u00e9s terjeszt\u0151je, aki a legkem\u00e9nyebb csat\u00e1ban is tudott nemeslelk\u0171 lenni, s akir\u0151l egyszerre mondt\u00e1k, hogy &#8222;lovagkir\u00e1ly&#8221; \u00e9s hogy &#8222;szent&#8221;. <!--more--><\/p>\n<p><a href=\"https:\/\/imalanc.ro\/w\/wp-content\/uploads\/Szent-Laszlo-megkereszteli-a-kun-vitezt-fooltar-a-nyujtodi-romai-katolikus-templomban-2.jpg\"><img loading=\"lazy\" decoding=\"async\" class=\"size-full wp-image-6818 aligncenter\" src=\"https:\/\/imalanc.ro\/w\/wp-content\/uploads\/Szent-Laszlo-megkereszteli-a-kun-vitezt-fooltar-a-nyujtodi-romai-katolikus-templomban-2.jpg\" alt=\"Szent-Laszlo--megkereszteli-a-kun-vitezt-fooltar-a-nyujtodi-romai-katolikus-templomban-2\" width=\"580\" height=\"493\" srcset=\"https:\/\/imalanc.ro\/w\/wp-content\/uploads\/Szent-Laszlo-megkereszteli-a-kun-vitezt-fooltar-a-nyujtodi-romai-katolikus-templomban-2.jpg 580w, https:\/\/imalanc.ro\/w\/wp-content\/uploads\/Szent-Laszlo-megkereszteli-a-kun-vitezt-fooltar-a-nyujtodi-romai-katolikus-templomban-2-300x255.jpg 300w\" sizes=\"auto, (max-width: 580px) 100vw, 580px\" \/><\/a><\/p>\n<p style=\"text-align: justify;\">\u00a0\u00a0 Atyj\u00e1nak I. B\u00e9la kir\u00e1lynak a vit\u00e9zs\u00e9g\u00e9t, m\u00edg anyj\u00e1nak a lengyel Richez\u00e1nak a vall\u00e1sos lelk\u00fclet\u00e9t k\u00f6sz\u00f6nhette, melyek \u00e1lland\u00f3 tulajdons\u00e1gai maradtak \u00e9lete v\u00e9g\u00e9ig. L\u00e1szl\u00f3 m\u00e9g hercegk\u00e9nt t\u00e9rt haza lengyel sz\u00e1m\u0171zet\u00e9s\u00e9b\u0151l, hogy b\u00e1tyj\u00e1t, G\u00e9z\u00e1t t\u00e1mogassa I. Salamon kir\u00e1ly ellen, biztos\u00edtva maguknak ezzel a duk\u00e1tust (hercegi uradalom). L\u00e1szl\u00f3 herceg Salamon uralkod\u00e1sa alatt a kerl\u00e9si csat\u00e1ban t\u00fcntette ki mag\u00e1t el\u0151sz\u00f6r jelent\u0151sebben, amikor a bet\u00f6r\u0151 fekete kunokat sikeresen kiverte az orsz\u00e1gb\u00f3l \u00e9s m\u00e9g az egyik menek\u00fcl\u0151 kun vez\u00e9rt\u0151l is visszaszerezte az elrabolt magyar le\u00e1nyt. Ez a h\u0151stette m\u00e9g \u00e9let\u00e9ben nagy dicsf\u00e9nnyel \u00f6vezte fel \u0151t.<\/p>\n<p style=\"text-align: justify;\">\u00a0\u00a0 A p\u00e1rtoskod\u00e1sban m\u00e9g t\u00f6bbsz\u00f6r is G\u00e9za mell\u00e9 \u00e1llt a harcban, am\u00edg csak \u0151t uralomra nem seg\u00edtette. B\u00e1tyja hal\u00e1la ut\u00e1n azonban r\u00f6videsen m\u00e9giscsak \u0151 lett a kir\u00e1ly 1077-ben. Uralkod\u00e1sa alatt egyar\u00e1nt t\u00f6rekedett az orsz\u00e1g k\u00fcls\u0151 \u00e9s bels\u0151 gyarapod\u00e1s\u00e1ra, valamint annak egys\u00e9g\u00e9re is. A kir\u00e1lys\u00e1g\u00e1ba bet\u00f6r\u0151 beseny\u0151ket, \u00fazokat, kunokat t\u00f6bbsz\u00f6r is ki\u0171zte, nem egyszer felk\u00edn\u00e1lva nekik a lehet\u0151s\u00e9get, hogy t\u00e9rjenek meg a kereszt\u00e9ny hitre \u00e9s telepedjenek le. 1091-ben birtokba vette Horv\u00e1torsz\u00e1got \u00e9s az egykori Moesia egyik r\u00e9sz\u00e9t dinasztikus jogon, l\u00e9v\u00e9n az \u00f6zvegy horv\u00e1t kir\u00e1lyn\u00e9 a testv\u00e9re volt, s L\u00e1szl\u00f3 seg\u00edts\u00e9g\u00e9t k\u00e9rte.<\/p>\n<p style=\"text-align: justify;\">\u00a0\u00a0 S\u0171r\u0171 h\u00e1bor\u00faz\u00e1sai ok\u00e1n is a legt\u00f6bb csoda a hadakoz\u00f3 kir\u00e1lyt k\u00eds\u00e9rte:<br \/>\n-\u00fcld\u00f6z\u0151 ellens\u00e9g el\u0151l menek\u00fclve a szikla meghasadt el\u0151tte<br \/>\n-\u00e9hez\u0151 katon\u00e1i t\u00e1pl\u00e1l\u00e1s\u00e1ra szarvasbik\u00e1k jelentek meg<br \/>\n-im\u00e1j\u00e1ra v\u00edz fakadt a szikl\u00e1b\u00f3l<br \/>\n-ellens\u00e9ge el\u00e9 dobott p\u00e9nzei k\u0151v\u00e9 v\u00e1ltoztak stb.<\/p>\n<p style=\"text-align: justify;\">\u00a0\u00a0 L\u00e1szl\u00f3 a magyar egyh\u00e1zat ahol tudta er\u0151s\u00edtette, t\u00f6bb ap\u00e1ts\u00e1g \u00e9s p\u00fcsp\u00f6ks\u00e9g alap\u00edt\u00e1sa f\u0171z\u0151dik a nev\u00e9hez, uralkod\u00e1sa idej\u00e9ben tudott csak elterjedni a k\u00e1ptalani \u00e9s a f\u0151esperesi szervezet is. Adom\u00e1nyaival buzg\u00f3n seg\u00edtette a templomokat. 1083-ban \u0151 avatatta szentt\u00e9 Istv\u00e1n kir\u00e1lyt, fi\u00e1t Imr\u00e9t, Gell\u00e9rt p\u00fcsp\u00f6k\u00f6t valamint Zoerard-Andr\u00e1st \u00e9s Benedek zoborhegyi remet\u00e9ket. Neve komolyan felmer\u00fclt a k\u00e9sz\u00fcl\u0151d\u0151 I. keresztes hadj\u00e1rat egyik lehets\u00e9ges vez\u00e9rek\u00e9nt, amit csak az 1095. j\u00falius 29-\u00e9n bek\u00f6vetkezett hal\u00e1la hi\u00fas\u00edtott meg.<\/p>\n<p style=\"text-align: justify;\">\u00a0\u00a0 Test\u00e9t el\u0151sz\u00f6r Somogyv\u00e1ron majd k\u00e9s\u0151bb V\u00e1radon helyezt\u00e9k nyugalomra. Itt \u00e9vsz\u00e1zadokon kereszt\u00fcl t\u00f6retlen volt a kultusza, nemcsak gy\u00f3gyulni v\u00e1gy\u00f3k j\u00f6ttek ide, de sokan vit\u00e1s \u00fcgyeiket is itt int\u00e9zt\u00e9k el, a szent s\u00edrj\u00e1n\u00e1l, illetve itt tettek t\u00f6bben is fogadalmi esk\u00fct.<\/p>\n<p style=\"text-align: justify;\">\u00a0\u00a0 Szent L\u00e1szl\u00f3 kir\u00e1ly hal\u00e1la ut\u00e1n t\u00f6bbsz\u00f6r is megjelent n\u00e9pe k\u00f6z\u00f6tt \u00e9s csod\u00e1t tett ott, ahol a legnagyobb volt a sz\u00fcks\u00e9g. Magyar katon\u00e1knak pedig t\u00f6megei mentek csat\u00e1ba &#8222;Szent L\u00e1szl\u00f3, seg\u00edts!&#8221; felki\u00e1lt\u00e1ssal eg\u00e9szen a II. vil\u00e1gh\u00e1bor\u00faig. Szent L\u00e1szl\u00f3 \u00fcnnepe: j\u00fanius 27.<\/p>\n<p style=\"text-align: justify;\">\u00a0\u00a0 -1048 el\u0151tt sz\u00fcletett lengyel f\u00f6ld\u00f6n.<br \/>\n-Apja I. B\u00e9la kir\u00e1ly.<br \/>\n-Anyja Richeza (Adelheid) lengyel hercegn\u0151.<br \/>\n-Kir\u00e1lly\u00e1 v\u00e1lasztott\u00e1k 1077 tavasz\u00e1n.<br \/>\n-Megkoron\u00e1zt\u00e1k 1077-ben.<br \/>\n-Els\u0151 feles\u00e9g\u00e9nek a nev\u00e9t nem ismerj\u00fck.<br \/>\n-M\u00e1sodik feles\u00e9ge Adelheid n\u00e9met hercegn\u0151.<br \/>\n-Fia nem sz\u00fcletett.<br \/>\n-L\u00e1nyai: Piroska (k\u00e9s\u0151bb biz\u00e1nci cs\u00e1sz\u00e1rn\u00e9) \u00e9s k\u00e9t ismeretlen nev\u0171 le\u00e1ny.<br \/>\n-1077: I. L\u00e1szl\u00f3 tr\u00f3nra l\u00e9p\u00e9se. Kibocs\u00e1tj\u00e1k L\u00e1szl\u00f3 \u00fan. III. t\u00f6rt\u00e9nyk\u00f6nyv\u00e9nek els\u0151 fel\u00e9t.<br \/>\n-1079: I. L\u00e1szl\u00f3 Salamont\u00f3l visszafoglalja Moson v\u00e1r\u00e1t.<br \/>\n-1081: Salamon megh\u00f3dol L\u00e1szl\u00f3nak; birtokokat \u00e9s j\u00f6vedelmet kap, hatalom n\u00e9lk\u00fcl.<br \/>\n-1082: Salamon \u00f6sszeesk\u00fcv\u00e9st sz\u0151 L\u00e1szl\u00f3 ellen, a kir\u00e1Iy elfogatja, \u00e9s Visegr\u00e1don bez\u00e1ratja.<br \/>\n-1083: I. L\u00e1szl\u00f3 kir\u00e1ly szabadon bocs\u00e1tja Salamont. Gell\u00e9rt p\u00fcsp\u00f6k, I. Istv\u00e1n kir\u00e1ly \u00e9s Imre herceg, valamint a k\u00e9t zobori remete szentt\u00e9 avat\u00e1sa.<br \/>\n-1085: A beseny\u0151k bet\u00f6rnek a Fels\u0151-Tisza vid\u00e9k\u00e9re. L\u00e1szl\u00f3 kiveri \u0151ket az orsz\u00e1gb\u00f3l, \u00e9s a gy\u0151ztes csata sz\u00ednhely\u00e9n templomot emel.<br \/>\n-1087: Salamon hal\u00e1la.<br \/>\n-1091: I. L\u00e1szl\u00f3 sereg\u00e9vel bevonul a tengermell\u00e9ki Horv\u00e1torsz\u00e1gba. \u00c1lmos herceget megteszi horv\u00e1t kir\u00e1lynak. C\u00edm\u00e9be felveszi \u00faj h\u00f3d\u00edt\u00e1sai \u2014 Szlav\u00f3nia (Horv\u00e1torsz\u00e1g) \u00e9s Moesie (Bosznia) \u2014 nev\u00e9t. A sereg\u00e9vel Horv\u00e1torsz\u00e1gb\u00f3l hazat\u00e9r\u0151 L\u00e1szl\u00f3 kir\u00e1ly a Temes foly\u00f3n\u00e1l utol\u00e9ri a magyarorsz\u00e1gi zs\u00e1km\u00e1nyol\u00e1sb\u00f3l t\u00e1vozni igyekv\u0151 \u201ekunokat\u201d, sz\u00e9tveri \u0151ket, \u00e9s meg\u00f6li vez\u00e9r\u00fcket. L\u00e1szl\u00f3 kir\u00e1ly Somogyv\u00e1rott megalap\u00edtja a Szent Egyed benc\u00e9s ap\u00e1ts\u00e1got. I. L\u00e1szl\u00f3 neh\u00e9z s\u00faly\u00fa d\u00e9n\u00e1rokat veret, amelyb\u0151l 40 darab \u00e9r egy biz\u00e1nci aranysolidust.<br \/>\n-1092: I. L\u00e1szl\u00f3 a szabolcsi zsinaton eln\u00f6k\u00f6l. A zsinati hat\u00e1rozatok k\u00e9pezik I. L\u00e1szl\u00f3 \u00fan. I. t\u00f6rv\u00e9nyk\u00f6nyv\u00e9t. I. L\u00e1szl\u00f3 sz\u00e9tveri az Al-Dun\u00e1n\u00e1l bet\u00f6rt \u201ekunokat\u201d, majd hadj\u00e1ratot ind\u00edt az \u0151ket felbiztat\u00f3 tyerebovlji orosz fejedelem ellen.<br \/>\n-1093: I. L\u00e1szl\u00f3 hadj\u00e1ratot vezet Ul\u00e1szl\u00f3 Hermann lengyel fejedelem megseg\u00edt\u00e9s\u00e9re.<br \/>\n-1094: I. L\u00e1szl\u00f3 megalap\u00edtja a z\u00e1gr\u00e1bi p\u00fcsp\u00f6ks\u00e9get.<br \/>\n-1095: I. L\u00e1szl\u00f3 hadj\u00e1ratot vezet a cseh kir\u00e1ly ellen, a morva herceg megseg\u00edt\u00e9s\u00e9re. A hadj\u00e1rat alatt megbetegszik. I. L\u00e1szl\u00f3 Lengyelorsz\u00e1gb\u00f3l hazah\u00edvja (K\u00f6nyves) K\u00e1lm\u00e1n p\u00fcsp\u00f6k\u00f6t, I. G\u00e9za fi\u00e1t, \u00e9s ut\u00f3dj\u00e1ul jel\u00f6li.<br \/>\n-Meghalt 1095. j\u00falius 29-\u00e9n a cseh hat\u00e1r k\u00f6zel\u00e9ben. El\u0151bb Somogyv\u00e1rott temett\u00e9k el, majd V\u00e1radon (Nagyv\u00e1rad) helyezt\u00e9k \u00f6r\u00f6k nyugalomra.<\/p>\n<p style=\"text-align: right;\"><strong><em>Forr\u00e1s: www.szoboszloplebania.hu<\/em><\/strong><br \/>\n<em>A Szentek Lexikona (Dunak\u00f6nyv Kiad\u00f3 Budapest, 1994), illetve <\/em><br \/>\n<em>A szentek \u00e9lete I-II. (Szent Istv\u00e1n T\u00e1rsulat Budapest, 1989) anyagai alapj\u00e1n k\u00e9sz\u00fclt.<\/em><\/p>\n<p style=\"text-align: right;\">\n<h4 style=\"text-align: center;\">IV. Habsburg K\u00e1roly(1887-1922), az utols\u00f3 magyar kir\u00e1ly<\/h4>\n<p style=\"text-align: justify;\">\u00a0\u00a0 Boldog IV. K\u00e1roly, az utols\u00f3 magyar kir\u00e1ly, eml\u00e9k\u00fcnnepe okt\u00f3ber 21, Als\u00f3-Ausztri\u00e1ban, Persenbeugban sz\u00fcletett 1887. augusztus 27.,\u00a0Madeira sziget\u00e9n halt meg, 1922. \u00e1prilis 1-\u00e9n.<\/p>\n<p style=\"text-align: justify;\">\u00a0\u00a0 2004. okt\u00f3ber 3-\u00e1n II. J\u00e1nos P\u00e1l p\u00e1pa R\u00f3m\u00e1ban boldogg\u00e1 avatta IV. K\u00e1rolyt, az utols\u00f3 koron\u00e1s magyar kir\u00e1lyt, aki az eur\u00f3pai r\u00f3mai katolikus kir\u00e1lyok (\u00e9s cs\u00e1sz\u00e1rok) sor\u00e1ban az utols\u00f3 el\u0151tti.<\/p>\n<p style=\"text-align: justify;\"><a href=\"https:\/\/imalanc.ro\/w\/wp-content\/uploads\/boldogkaroly.jpg\"><img loading=\"lazy\" decoding=\"async\" class=\"size-full wp-image-1687 aligncenter\" title=\"Boldog IV.Habsburg K\u00e1roly.\" src=\"https:\/\/imalanc.ro\/w\/wp-content\/uploads\/boldogkaroly.jpg\" alt=\"\" width=\"570\" height=\"589\" srcset=\"https:\/\/imalanc.ro\/w\/wp-content\/uploads\/boldogkaroly.jpg 570w, https:\/\/imalanc.ro\/w\/wp-content\/uploads\/boldogkaroly-290x300.jpg 290w\" sizes=\"auto, (max-width: 570px) 100vw, 570px\" \/><\/a><\/p>\n<p style=\"text-align: justify;\">\u00a0\u00a0 K\u00f6nny\u0171 \u0151t mint Habsburg kir\u00e1lyt az osztr\u00e1k elnyom\u00e1ssal, uralkod\u00e1s\u00e1t a trianoni trag\u00e9di\u00e1val azonos\u00edtani. Magyarorsz\u00e1gi szerepl\u00e9seir\u0151l pedig keveset \u00e9s sokszor meglehet\u0151sen egyoldal\u00faan k\u00f6zvet\u00edtett az elm\u00falt \u00e9vtizedek t\u00f6rt\u00e9net\u00edr\u00e1sa.<\/p>\n<p style=\"text-align: justify;\">\u00a0\u00a0 A h\u00edv\u0151 ember azonban IV. K\u00e1roly kir\u00e1lyban azt tiszteli, ami miatt az Egyh\u00e1z \u0151t az olt\u00e1r dics\u0151s\u00e9g\u00e9re emelte: b\u00e9k\u00e9re val\u00f3 sz\u00fcntelen t\u00f6rekv\u00e9se, a r\u00e1b\u00edzottak sorsa ir\u00e1nt \u00e9rzett felel\u0151ss\u00e9ge, hitvesi szeretete \u00e9s csal\u00e1di \u00e9let\u00e9nek szents\u00e9ge, legf\u0151k\u00e9ppen pedig mindenekfeletti istenszeretete \u00e9s a Gondvisel\u00e9sbe vetett t\u00f6retlen bizalma az, amely a magyar katolikusok \u2013 de az egyetemes Egyh\u00e1z \u2013 sz\u00e1m\u00e1ra is p\u00e9ldak\u00e9pp\u00e9 teszi \u0151t.<\/p>\n<p style=\"text-align: justify;\">\u00a0\u00a0 Az\u00e9rt v\u00e1lasztottuk Boldog IV. K\u00e1rolyt imacsoportunk v\u00e9d\u0151szentj\u00e9v\u00e9, hogy k\u00f6zbenj\u00e1rjon az\u00a0\u00a0\u00darn\u00e1l\u00a0nemzet\u00fcnk hitben val\u00f3 meger\u0151s\u00f6d\u00e9s\u00e9\u00e9rt, az elrontott politika k\u00f6vetkezt\u00e9ben t\u00f6rt\u00e9nt ter\u00fclet \u00e9s n\u00e9pess\u00e9g-vesztes\u00e9g j\u00f3v\u00e1t\u00e9tel\u00e9\u00e9rt, ann\u00e1l is ink\u00e1bb, mert jelent\u0151s szerepe volt azid\u0151ben, mint\u00a0megkoron\u00e1zott magyar\u00a0kir\u00e1lynak,\u00a0a magyar t\u00f6rt\u00e9nelmi trag\u00e9dia bek\u00f6vetkezt\u00e9ben.<\/p>\n<p style=\"text-align: right;\"><em>forr\u00e1s: <a href=\"http:\/\/www.katolikus.at\/osbobl\">www.katolikus.at\/osbobl<\/a> &#8211; ausztriai benc\u00e9s obl\u00e1tus csoport<\/em><\/p>\n","protected":false},"excerpt":{"rendered":"\u00a0\u00a0 Szent L\u00e1szl\u00f3 a magyar uralkod\u00f3i eszm\u00e9ny egyik legt\u00f6k\u00e9letesebb kifejez\u0151je, a kereszt\u00e9nys\u00e9g k\u00f6vetkezetes v\u00e9delmez\u0151je \u00e9s terjeszt\u0151je, aki a legkem\u00e9nyebb csat\u00e1ban&#8230;","protected":false},"author":2,"featured_media":1687,"parent":4,"menu_order":0,"comment_status":"closed","ping_status":"closed","template":"","meta":{"footnotes":""},"class_list":["post-401","page","type-page","status-publish","has-post-thumbnail","hentry"],"_links":{"self":[{"href":"https:\/\/imalanc.ro\/w\/wp-json\/wp\/v2\/pages\/401","targetHints":{"allow":["GET"]}}],"collection":[{"href":"https:\/\/imalanc.ro\/w\/wp-json\/wp\/v2\/pages"}],"about":[{"href":"https:\/\/imalanc.ro\/w\/wp-json\/wp\/v2\/types\/page"}],"author":[{"embeddable":true,"href":"https:\/\/imalanc.ro\/w\/wp-json\/wp\/v2\/users\/2"}],"replies":[{"embeddable":true,"href":"https:\/\/imalanc.ro\/w\/wp-json\/wp\/v2\/comments?post=401"}],"version-history":[{"count":14,"href":"https:\/\/imalanc.ro\/w\/wp-json\/wp\/v2\/pages\/401\/revisions"}],"predecessor-version":[{"id":6938,"href":"https:\/\/imalanc.ro\/w\/wp-json\/wp\/v2\/pages\/401\/revisions\/6938"}],"up":[{"embeddable":true,"href":"https:\/\/imalanc.ro\/w\/wp-json\/wp\/v2\/pages\/4"}],"wp:featuredmedia":[{"embeddable":true,"href":"https:\/\/imalanc.ro\/w\/wp-json\/wp\/v2\/media\/1687"}],"wp:attachment":[{"href":"https:\/\/imalanc.ro\/w\/wp-json\/wp\/v2\/media?parent=401"}],"curies":[{"name":"wp","href":"https:\/\/api.w.org\/{rel}","templated":true}]}}