{"id":395,"date":"2013-04-15T08:42:59","date_gmt":"2013-04-15T06:42:59","guid":{"rendered":"http:\/\/imalanc.ro\/w\/?page_id=395"},"modified":"2013-09-13T20:25:23","modified_gmt":"2013-09-13T18:25:23","slug":"batthyany-strattmann-laszlo-orvos-1870-1931","status":"publish","type":"page","link":"https:\/\/imalanc.ro\/w\/kezdolap\/batthyany-strattmann-laszlo-orvos-1870-1931\/","title":{"rendered":"Batthy\u00e1ny-Strattmann L\u00e1szl\u00f3(1870-1931) &#8211; a szeg\u00e9nyek orvosa"},"content":{"rendered":"<p style=\"text-align: justify;\">Boldog n\u00e9met\u00fajv\u00e1ri herceg Batthy\u00e1ny-Strattmann L\u00e1szl\u00f3 Antal J\u00e1nos Lajos, (Dunakiliti, 1870. okt\u00f3ber 28. \u2013 B\u00e9cs, 1931. janu\u00e1r 22.) magyar f\u0151nemes, a \u201eszeg\u00e9nyek orvosa\u201d. \u00dcnnepe: janu\u00e1r 22.<\/p>\n<p style=\"text-align: justify;\"><!--more-->Batthy\u00e1ny L\u00e1szl\u00f3 gr\u00f3f sz\u00fclei hatodik gyermekek\u00e9nt j\u00f6tt vil\u00e1gra. Gyermekkor\u00e1ra \u00e1rnyat vetett, hogy \u00e9desapja elhagyta csal\u00e1dj\u00e1t, elv\u00e1lt, majd evang\u00e9likus hitre t\u00e9rt, hogy \u00fajb\u00f3l megh\u00e1zasodhasson. \u00c9desanyja fiatalon halt meg, mikor L\u00e1szl\u00f3 m\u00e9g csak tizenk\u00e9t \u00e9ves volt.<\/p>\n<p style=\"text-align: justify;\"><img loading=\"lazy\" decoding=\"async\" class=\"size-full wp-image-1684 alignleft\" title=\"Batthyany Strattmann L\u00e1szl\u00f3 arck\u00e9pe.\" src=\"https:\/\/imalanc.ro\/w\/wp-content\/uploads\/Batthyany-Strattmann-Laszlo-arckep1.jpg\" alt=\"\" width=\"250\" height=\"271\" \/><\/p>\n<p style=\"text-align: justify;\">Eleinte B\u00e9csben k\u00fcl\u00f6nf\u00e9le egyetemi kurzusokat hallgatott, t\u00f6bbek k\u00f6z\u00f6tt k\u00e9mi\u00e1t, filoz\u00f3fi\u00e1t \u00e9s zenet\u00f6rt\u00e9netet. V\u00e9g\u00fcl felfedezte igazi hivat\u00e1s\u00e1t, \u00e9s 1896-ban orvostanhallgat\u00f3 lett. Tanulm\u00e1nyait 1900-ban fejezte be. Ebben az id\u0151szakban ismerkedett meg gr\u00f3f Maria Theresia Coreth zu Coredo und Starkenberggel, akit 1898. november 10-\u00e9n B\u00e9csben feles\u00e9g\u00fcl vett. Rendk\u00edv\u00fcl boldog h\u00e1zass\u00e1g\u00e1b\u00f3l 12 gyerek sz\u00fcletett.<\/p>\n<p style=\"text-align: justify;\">Szombathely Oladi lak\u00f3telep\u00e9n a Fatimai Sz\u0171z M\u00e1ria tisztelet\u00e9re, Batthy\u00e1ny-Strattmann L\u00e1szl\u00f3 eml\u00e9k\u00e9re emeltek templomotAz egyetem befejez\u00e9se ut\u00e1n Batthy\u00e1ny mag\u00e1nk\u00f3rh\u00e1zat nyitott K\u00f6pcs\u00e9nyben (ma Kittsee, Ausztria). Orvosk\u00e9nt is folyamatosan tov\u00e1bbk\u00e9pezte mag\u00e1t, el\u0151sz\u00f6r seb\u00e9sz, majd k\u00e9s\u0151bb szem\u00e9sz k\u00e9pes\u00edt\u00e9st szerzett.<\/p>\n<p style=\"text-align: justify;\">1915-ben nagyb\u00e1tyja hal\u00e1lakor meg\u00f6r\u00f6k\u00f6lte a hercegi c\u00edmet \u00e9s a Strattmann nevet. Ekkor az \u00fajdons\u00fclt Batthy\u00e1ny-Strattmann herceg csal\u00e1dj\u00e1val a k\u00f6rmendi kast\u00e9lyba k\u00f6lt\u00f6z\u00f6tt, amelynek egy sz\u00e1rny\u00e1ban szem\u00e9szeti klinik\u00e1t rendezett be. A m\u00e9lyen vall\u00e1sos orvos szeg\u00e9ny betegeit ingyen gy\u00f3gy\u00edtotta, \u00edgy a \u201eszeg\u00e9nyek orvosak\u00e9nt\u201d v\u00e1lt ismertt\u00e9.<\/p>\n<p style=\"text-align: justify;\">1921-ben trag\u00e9dia s\u00fajtotta a csal\u00e1dot, mikor legid\u0151sebb fiuk, \u00d6d\u00f6n, mind\u00f6ssze 21 \u00e9vesen elhunyt.<\/p>\n<p style=\"text-align: justify;\">Batthy\u00e1nyn\u00e1l 59 \u00e9ves kor\u00e1ban h\u00f3lyagr\u00e1kot \u00e1llap\u00edtottak meg \u00e9s beutalt\u00e1k a b\u00e9csi L\u00f6w-szanat\u00f3riumba. Itt halt meg 14 havi betegs\u00e9g ut\u00e1n 1931. janu\u00e1r 22-\u00e9n. A burgenlandi N\u00e9met\u00fajv\u00e1ron (ma: G\u00fcssing) temett\u00e9k el, a Batthy\u00e1ny-csal\u00e1d kript\u00e1j\u00e1ban, az itteni ferences kolostorban. (Ez a m\u00e1sodik legnagyobb csal\u00e1di kripta Ausztri\u00e1ban, a b\u00e9csi Cs\u00e1sz\u00e1r-kripta ut\u00e1n).<\/p>\n<p style=\"text-align: justify;\">A Szigetk\u00f6zben l\u00e9v\u0151 P\u00fcski katolikus templom nyugati \u00fcvegablak\u00e1nak eg\u00e9sz alakos k\u00e9pe \u0151rzi az els\u0151 \u00e1br\u00e1zol\u00e1s\u00e1t. A P\u00e1zm\u00e1ny P\u00e9ter Katolikus Egyetem Inform\u00e1ci\u00f3s Technol\u00f3gia Kar\u00e1nak k\u00e1poln\u00e1j\u00e1t Erd\u0151 P\u00e9ter b\u00edboros a boldogg\u00e1 avatott herceg tisztelet\u00e9re szentelte fel.<\/p>\n<p style=\"text-align: justify;\">A Batthy\u00e1ny-Strattmann L\u00e1szl\u00f3-d\u00edj eml\u00e9kplakettje.1999-ben a Magyar K\u00f6zt\u00e1rsas\u00e1g korm\u00e1nya megalap\u00edtotta a Batthy\u00e1ny-Strattmann L\u00e1szl\u00f3-d\u00edjat, amelyet az eg\u00e9szs\u00e9g\u00fcgyi miniszter el\u0151terjeszt\u00e9se alapj\u00e1n az eg\u00e9szs\u00e9g\u00fcgyben t\u00f6bb \u00e9vtizeden \u00e1t kiemelked\u0151 teljes\u00edtm\u00e9nyt ny\u00fajt\u00f3 szem\u00e9lyeknek \u00edt\u00e9lnek oda, \u00e9vente 2 alkalommal.<\/p>\n<p style=\"text-align: justify;\">Szombathely Oladi lak\u00f3telep\u00e9n k\u00f6zadakoz\u00e1sb\u00f3l 1999. szeptember 24-\u00e9n tett\u00e9k le a Fatimai Sz\u0171z M\u00e1ria tisztelet\u00e9re, Batthy\u00e1ny-Strattmann L\u00e1szl\u00f3 eml\u00e9k\u00e9re emeltek templom alapk\u00f6v\u00e9t, amelyet 2002. szeptember 8-\u00e1n szenteltek fel.<\/p>\n<p style=\"text-align: justify;\">Batthy\u00e1ny-Strattmann L\u00e1szl\u00f3t sokan m\u00e1r \u00e9let\u00e9ben szentk\u00e9nt tisztelt\u00e9k. A boldogg\u00e1 avat\u00e1si elj\u00e1r\u00e1s 1944-ben kezd\u0151d\u00f6tt meg a b\u00e9csi \u00e9rseks\u00e9g \u00e9s a szombathelyi p\u00fcsp\u00f6ks\u00e9g k\u00f6z\u00f6s akarat\u00e1b\u00f3l, de nemsok\u00e1ra f\u00e9lbeszakadt. L\u00e1szl\u00f3 Istv\u00e1n kismartoni p\u00fcsp\u00f6k ind\u00edtotta meg \u00fajra az elj\u00e1r\u00e1st 1982-ben. II. J\u00e1nos P\u00e1l p\u00e1pa 2003. m\u00e1rcius 23-\u00e1n boldogg\u00e1 avatta.<\/p>\n<p style=\"text-align: justify;\">Boldog Batthy\u00e1ny-Strattmann L\u00e1szl\u00f3t\u00a0az\u00e9rt v\u00e1lasztottuk imacsoportunk ved\u0151szentj\u00e9v\u00e9, hogy\u00a0k\u00f6zbenj\u00e1r\u00e1s\u00e1val k\u00e9rje, hogy a n\u00e9pet megillet\u0151 m\u00e9lt\u00e1nyos eg\u00e9szs\u00e9g\u00fcgyi \u00e9s orvosi ell\u00e1t\u00e1s megval\u00f3sulhasson,\u00a0nemzet\u00fcnk gyarapodhasson, a gyermek \u00e1ld\u00e1s, Isten aj\u00e1nd\u00e9ka legyen, ak\u00e1r csal\u00e1don bel\u00fcl sz\u00fcletik, ak\u00e1r csal\u00e1don k\u00edv\u00fcl.<\/p>\n<p style=\"text-align: right;\"><em>forr\u00e1s: Wikip\u00e9dia a szabad enciklop\u00e9dia<\/em><\/p>\n","protected":false},"excerpt":{"rendered":"Boldog n\u00e9met\u00fajv\u00e1ri herceg Batthy\u00e1ny-Strattmann L\u00e1szl\u00f3 Antal J\u00e1nos Lajos, (Dunakiliti, 1870. okt\u00f3ber 28. \u2013 B\u00e9cs, 1931. janu\u00e1r 22.) magyar f\u0151nemes, a&#8230;","protected":false},"author":2,"featured_media":1684,"parent":4,"menu_order":0,"comment_status":"closed","ping_status":"closed","template":"","meta":{"footnotes":""},"class_list":["post-395","page","type-page","status-publish","has-post-thumbnail","hentry"],"_links":{"self":[{"href":"https:\/\/imalanc.ro\/w\/wp-json\/wp\/v2\/pages\/395","targetHints":{"allow":["GET"]}}],"collection":[{"href":"https:\/\/imalanc.ro\/w\/wp-json\/wp\/v2\/pages"}],"about":[{"href":"https:\/\/imalanc.ro\/w\/wp-json\/wp\/v2\/types\/page"}],"author":[{"embeddable":true,"href":"https:\/\/imalanc.ro\/w\/wp-json\/wp\/v2\/users\/2"}],"replies":[{"embeddable":true,"href":"https:\/\/imalanc.ro\/w\/wp-json\/wp\/v2\/comments?post=395"}],"version-history":[{"count":8,"href":"https:\/\/imalanc.ro\/w\/wp-json\/wp\/v2\/pages\/395\/revisions"}],"predecessor-version":[{"id":397,"href":"https:\/\/imalanc.ro\/w\/wp-json\/wp\/v2\/pages\/395\/revisions\/397"}],"up":[{"embeddable":true,"href":"https:\/\/imalanc.ro\/w\/wp-json\/wp\/v2\/pages\/4"}],"wp:featuredmedia":[{"embeddable":true,"href":"https:\/\/imalanc.ro\/w\/wp-json\/wp\/v2\/media\/1684"}],"wp:attachment":[{"href":"https:\/\/imalanc.ro\/w\/wp-json\/wp\/v2\/media?parent=395"}],"curies":[{"name":"wp","href":"https:\/\/api.w.org\/{rel}","templated":true}]}}