{"id":375,"date":"2013-04-11T16:50:59","date_gmt":"2013-04-11T14:50:59","guid":{"rendered":"http:\/\/imalanc.ro\/w\/?page_id=375"},"modified":"2013-05-09T12:15:44","modified_gmt":"2013-05-09T10:15:44","slug":"imalanc-a-csaladokert-napi-rozsafuzer-ima","status":"publish","type":"page","link":"https:\/\/imalanc.ro\/w\/kezdolap\/imalanc-a-csaladokert-napi-rozsafuzer-ima\/","title":{"rendered":"Imal\u00e1nc a csal\u00e1dok\u00e9rt &#8211; napi rozsaf\u00fcz\u00e9r ima"},"content":{"rendered":"<p><em>\u00a0\u00a0\u00a0\u00a0\u00a0\u00a0\u00a0\u00a0\u00a0 Mindaz, ami vel\u00fcnk t\u00f6rt\u00e9nik, az \u00dar \u00edg\u00e9rete szerint csak a javunkra v\u00e1lik, nem az evil\u00e1gi <\/em><em>hanem az \u00d6r\u00f6k \u00c9let fel\u00e9 tart\u00e1sunk \u00fatj\u00e1n. <\/em><em>Adjunk h\u00e1l\u00e1t az\u00e9rt, hogy mindannyian <\/em><em>megmaradtunk a Hitben, nem vesztett\u00fck el a Rem\u00e9nyt <\/em><em>\u00e9s megtapasztaltuk m\u00e1r itt a <\/em><em>f\u00f6ld\u00f6n a Krisztusi Szeretetet. <\/em><em>\u00c1ldjon meg az \u00dar \u00e9s \u0151r\u00edzzen meg minket az \u00d6r\u00f6k \u00e9letre, <\/em><em>a Magyarok Nagyasszonya a Cs\u00edksomly\u00f3i Sz\u0171zanya legyen p\u00e1rtfog\u00f3nk megpr\u00f3b\u00e1ltat\u00e1saink <\/em><em>idej\u00e9n. M\u00e1rton \u00c1ron p\u00fcsp\u00f6katya legyen p\u00e9ldak\u00e9p\u00fcnk a a kitart\u00e1sban \u00e9s helyt\u00e1ll\u00e1sban. <\/em><em>\u00c1ld\u00e1st k\u00e9r\u00fcnk mindazokra, akik tanus\u00e1gt\u00e9tel\u00fck \u00e1ltal, m\u00e1s embereket az ima vagy a napiima <\/em><em>\u00fatj\u00e1ra vezetnek, mert azt mondja az \u00dar, hogy boldogok, akik megvallanak engem az emberek <\/em><em>el\u0151tt, mert \u00e9n is megvallom \u0151ket a mi Mennyei Aty\u00e1nk el\u0151tt.<\/em><\/p>\n<p><img decoding=\"async\" title=\"Tov\u00e1bb...\" src=\"https:\/\/imalanc.ro\/w\/wp-includes\/js\/tinymce\/plugins\/wordpress\/img\/trans.gif\" alt=\"\" \/><a href=\"https:\/\/imalanc.ro\/w\/wp-content\/uploads\/salvator-kapolna2.jpg\"><img loading=\"lazy\" decoding=\"async\" class=\"alignnone size-full wp-image-376\" title=\"A cs\u00edksomly\u00f3 hegyi Salvator-kapolna.\" src=\"https:\/\/imalanc.ro\/w\/wp-content\/uploads\/salvator-kapolna2.jpg\" alt=\"\" width=\"570\" height=\"329\" srcset=\"https:\/\/imalanc.ro\/w\/wp-content\/uploads\/salvator-kapolna2.jpg 570w, https:\/\/imalanc.ro\/w\/wp-content\/uploads\/salvator-kapolna2-300x173.jpg 300w\" sizes=\"auto, (max-width: 570px) 100vw, 570px\" \/><\/a><\/p>\n<p><strong>A Csal\u00e1dok a csal\u00e1dok\u00e9rt imal\u00e1nc m\u0171k\u00f6d\u00e9s\u00e9nek le\u00edr\u00e1sa<\/strong><strong>:<\/strong><\/p>\n<p>\u00a0\u00a0\u00a0\u00a0\u00a0\u00a0\u00a0\u00a0\u00a0 K\u00f6zebenj\u00e1r\u00f3k Boldog Batthy\u00e1ny Strattmann L\u00e1szl\u00f3 \u00e9s Boldog Scheffler J\u00e1nos p\u00fcsp\u00f6k. Napi egy tized r\u00f3zsaf\u00fcz\u00e9r a soron k\u00f6vetkez\u0151<em>\u00a0<\/em>r\u00f3zsaf\u00fcz\u00e9rb\u0151l, k\u00f6tetlen id\u0151pontban, a csal\u00e1d legal\u00e1bb egyik tagja r\u00e9sz\u00e9r\u0151l. Hat napig m\u00e1s-m\u00e1s csal\u00e1dok\u00e9rt im\u00e1dkozunk, a hetedik napon pedig a t\u00f6bbi csal\u00e1d im\u00e1dkozik a mi csal\u00e1dunk\u00e9rt. Amikor a mi imanapunk van, akkor a csal\u00e1dunkkal, ha lehet egy\u00fctt im\u00e1dkozzunk \u00e9s az ima bevezet\u0151j\u00e9ben vigy\u00fck a csal\u00e1dtagok sz\u00e1ndekait az \u00dar el\u00e9 \u00e9l\u0151 sz\u00f3ban. Ha egy nap elmarad az ima, m\u00e1snap lehet p\u00f3tolni. Ha a R\u00f3zsaf\u00fcz\u00e9r ima nem egyezik a meggy\u0151z\u0151-d\u00e9s\u00fcnkkel, akkor lehet helyettes\u00edteni napi annyi Miaty\u00e1nkkal ah\u00e1ny csal\u00e1dtag van, vagy az irgal-mass\u00e1g r\u00f3zsaf\u00fcz\u00e9r\u00e9vel. K\u00f6sz\u00f6nj\u00fck a bekapcsol\u00f3d\u00e1st!\u00a0K\u00e9rlek benneteket mondj\u00e1tok el \u00e9lm\u00e9nyeiteket az imal\u00e1nccal kapcsolatban ismer\u0151seiteknek \u00e9s k\u00e9rdezz\u00e9tek meg,\u00a0akarnak-e az imal\u00e1nchoz csatlakozni, mert van lehet\u0151s\u00e9g a k\u00f6z\u00f6s im\u00e1ra. \u00dajabb csal\u00e1dok beiratkoz\u00e1s\u00e1t v\u00e1rjuk ezen a telefonsz\u00e1mon: +40757937300(csak sms) vagy az\u00a0\u00a0<a href=\"mailto:orban_laszlo_ics@yahoo.com\"><em>orban_laszlo_ics@yahoo.com<\/em><\/a> e-mail c\u00edmen.<br \/>\n\u00a0\u00a0\u00a0\u00a0\u00a0\u00a0\u00a0\u00a0\u00a0 K\u00f6sz\u00f6nj\u00fck a napi im\u00e1kat csal\u00e1dunk nev\u00e9ben! \u00c1ld\u00e1sos munk\u00e1t \u00e9s a hitben val\u00f3 kitart\u00e1st k\u00edv\u00e1n, imacsoportunk minden tagj\u00e1nak, a kolozsv\u00e1ri B\u00edr\u00f3 csal\u00e1d.<\/p>\n","protected":false},"excerpt":{"rendered":"\u00a0\u00a0\u00a0\u00a0\u00a0\u00a0\u00a0\u00a0\u00a0 Mindaz, ami vel\u00fcnk t\u00f6rt\u00e9nik, az \u00dar \u00edg\u00e9rete szerint csak a javunkra v\u00e1lik, nem az evil\u00e1gi hanem az \u00d6r\u00f6k \u00c9let&#8230;","protected":false},"author":2,"featured_media":0,"parent":4,"menu_order":0,"comment_status":"closed","ping_status":"closed","template":"","meta":{"footnotes":""},"class_list":["post-375","page","type-page","status-publish","hentry"],"_links":{"self":[{"href":"https:\/\/imalanc.ro\/w\/wp-json\/wp\/v2\/pages\/375","targetHints":{"allow":["GET"]}}],"collection":[{"href":"https:\/\/imalanc.ro\/w\/wp-json\/wp\/v2\/pages"}],"about":[{"href":"https:\/\/imalanc.ro\/w\/wp-json\/wp\/v2\/types\/page"}],"author":[{"embeddable":true,"href":"https:\/\/imalanc.ro\/w\/wp-json\/wp\/v2\/users\/2"}],"replies":[{"embeddable":true,"href":"https:\/\/imalanc.ro\/w\/wp-json\/wp\/v2\/comments?post=375"}],"version-history":[{"count":4,"href":"https:\/\/imalanc.ro\/w\/wp-json\/wp\/v2\/pages\/375\/revisions"}],"predecessor-version":[{"id":683,"href":"https:\/\/imalanc.ro\/w\/wp-json\/wp\/v2\/pages\/375\/revisions\/683"}],"up":[{"embeddable":true,"href":"https:\/\/imalanc.ro\/w\/wp-json\/wp\/v2\/pages\/4"}],"wp:attachment":[{"href":"https:\/\/imalanc.ro\/w\/wp-json\/wp\/v2\/media?parent=375"}],"curies":[{"name":"wp","href":"https:\/\/api.w.org\/{rel}","templated":true}]}}