{"id":366,"date":"2013-04-11T15:31:56","date_gmt":"2013-04-11T13:31:56","guid":{"rendered":"http:\/\/imalanc.ro\/w\/?page_id=366"},"modified":"2020-03-27T13:52:44","modified_gmt":"2020-03-27T12:52:44","slug":"tavimacsoportjaink","status":"publish","type":"page","link":"https:\/\/imalanc.ro\/w\/kezdolap\/tavimacsoportjaink\/","title":{"rendered":"T\u00e1vimacsoportjaink"},"content":{"rendered":"<h3>Orb\u00e1n L\u00e1szl\u00f3 ifj\u00fas\u00e1gi t\u00e1vimacsoport<\/h3>\n<p style=\"text-align: right;\"><em>\u00a0\u00a0 \u201eEz\u00e9rt az ember elhagyja apj\u00e1t \u00e9s anyj\u00e1t, a feles\u00e9g\u00e9hez ragaszkodik \u00e9s a kett\u0151 egy testt\u00e9 lesz.\u201d (Mt. 19,5)<\/em><\/p>\n<p>Ma, amikor egyre er\u0151s\u00f6dnek a k\u00f6r\u00fcl\u00f6tt\u00fcnk l\u00e9v\u0151 virtu\u00e1lis vil\u00e1g hat\u00e1sai, amikor munkahely\u00fcnk, foglalkoz\u00e1sunk, elfoglalts\u00e1gaink annyira lek\u00f6tnek, hogy mire feleszm\u00e9l\u00fcnk, m\u00e1r kifutott az id\u0151 a l\u00e1bunk al\u00f3l, el\u00e9rkezettnek tartottuk, hogy a technika mai eszk\u00f6zeinek seg\u00edts\u00e9g\u00e9vel, egym\u00e1st\u00f3l t\u00e1vol \u00e9l\u0151, de kereszt\u00e9ny hitben \u00e9s erk\u00f6lcsben azonosan gondolkod\u00f3 testv\u00e9reink k\u00f6z\u00f6tt, egy Istenbe vetett hit \u00e1ltal ir\u00e1ny\u00edtott kapcsolatteremt\u00e9si lehet\u0151s\u00e9get hozzunk l\u00e9tre!<\/p>\n<p>Ezzekel a gondolatokkal alap\u00edtottunk ezt a t\u00e1vimacsoportot Orb\u00e1n L\u00e1szl\u00f3 egyetemi lelk\u00e9sszel 2008 j\u00fanius\u00e1ban. Az els\u0151 imaestre 2008. j\u00falius 19-\u00e9n ker\u00fclt sor. Sajnos a harmadik imaesten 2008, augusztus 12-\u00e9n m\u00e1r Orb\u00e1n L\u00e1szl\u00f3 ravatal\u00e1n\u00e1l tartottuk a t\u00e1vimaestet. K\u00f6zvetlen\u00fcl ezut\u00e1n nevezt\u00fck el ezt az ifjus\u00e1gi imaestet, els\u0151 lelki vezet\u0151j\u00e9r\u0151l, Orb\u00e1n L\u00e1szl\u00f3 volt egyetemi\u00a0lelk\u00e9szr\u0151l. B\u00edzunk abban, hogy \u00e1ldozat\u00e1\u00e9rt \u00e9s szolg\u00e1lat\u00e1\u00e9rt az \u00dar kegyelm\u00e9b\u0151l oszt\u00e1lyr\u00e9sz\u00fcl kapta az \u00f6r\u00f6k boldogs\u00e1got. Nyugodjon b\u00e9k\u00e9ben, az \u00dar J\u00e9zus szent nev\u00e9ben.<\/p>\n<p>A csal\u00e1d a szeretet egys\u00e9gnyi sejtje, ennek l\u00e9trehoz\u00e1s\u00e1ban seg\u00e9dkezik im\u00e1ival \u00e9s rendezv\u00e9nyeivel imacsoportunk Erd\u00e9lyszerte. Aki \u00e9rettnek \u00e9rzi mag\u00e1t, hogy csal\u00e1dtervez\u00e9s\u00a0\u00fatj\u00e1ra l\u00e9pjen, azt megh\u00edvjuk k\u00f6z\u00f6s im\u00e1inkhoz. Csoportunk tagjai: hajadonok \u00e9s ifjak, felszentelt szem\u00e9lyek \u00e9s m\u00e1r kereszt\u00e9ny csal\u00e1di k\u00f6tel\u00e9kben \u00e9l\u0151k. Az ima a hajadonok\u00e9rt \u00e9s ifjak\u00e9rt van, a felszentelt szem\u00e9lyek seg\u00edts\u00e9g\u00e9vel. A csal\u00e1di k\u00f6tel\u00e9kben \u00e9l\u0151k tapasztalati tan\u00e1csaira pedig \u00f6r\u00f6mmel sz\u00e1m\u00edtunk.<\/p>\n<p>Imacsoportunk tagjai minden honap utols\u00f3 cs\u00fct\u00f6rt\u00f6k\u00e9n, esti \u00f3r\u00e1ban im\u00e1dkozz\u00e1k a r\u00f3zsaf\u00fcz\u00e9rt, alkalmank\u00e9nt 3-5 tizedet, mindenki ott, ahova az \u00dar \u00e9ppen rendelte. Az im\u00e1ra val\u00f3 felk\u00e9r\u00e9s mobiltelefon \u00fczenetben \u00e9rkezik, legal\u00e1bb k\u00e9t \u00f3r\u00e1val az id\u0151pont el\u0151tt. A <a href=\"http:\/\/www.imalanc.ro\">www.imalanc.ro<\/a> honlapon az imasz\u00e1nd\u00e9kok olvashat\u00f3k, legal\u00e1bb k\u00e9t \u00f3r\u00e1val az imaalkalom el\u0151tt. Aki nem tud internethez hozz\u00e1f\u00e9rni, az k\u00e9r\u00e9sre megkapja a sz\u00e1nd\u00e9kokat \u00fczenetben.<\/p>\n<p>Nem minden tag tud minden ima\u00f3r\u00e1n jelen lenni. Az imabevezet\u0151ben a csoportvezet\u0151 a Szentlelket h\u00edvja seg\u00edts\u00e9g\u00fcl, \u00e9s bevezeti az im\u00e1dkozni sz\u00e1nd\u00e9koz\u00f3kat az im\u00e1ba. Ez\u00e9rt az im\u00e1ra val\u00f3 felk\u00e9r\u00e9s ut\u00e1n k\u00e9rj\u00fck a bekapcsol\u00f3d\u00e1si sz\u00e1nd\u00e9kot visszajelezni, ugyanarra a telefonsz\u00e1mra, ahonnan a felk\u00e9r\u00e9s \u00e9rkezett. Ennek a t\u00e1vimacsoportnak a v\u00e9d\u0151szentje a Magyarok Nagyasszonya &#8211; a Cs\u00edksomly\u00f3i Sz\u0171zanya.<\/p>\n<p>\u00c1lland\u00f3 imasz\u00e1nd\u00e9kunk: <em><strong>\u201eAdd Urunk, hogy t\u00e1rsukat \u0151szint\u00e9n keres\u0151 testv\u00e9reink megtal\u00e1lj\u00e1k, akit nekik rendelt\u00e9l!\u201d<\/strong><\/em><\/p>\n<p>Az imacsoportba val\u00f3 beiratkoz\u00e1s az <a href=\"mailto:orban_laszlo_ics@yahoo.com\">orban_laszlo_ics@yahoo.com<\/a> e-mail c\u00edmen lehets\u00e9ges. Ide k\u00e9rj\u00fck a feliratkoz\u00f3 nev\u00e9t, mobilsz\u00e1m\u00e1t, azt a helys\u00e9get, ahonnan sz\u00e1rmazik \u00e9s azt a helys\u00e9get, ahol t\u00f6bbnyire tart\u00f3zkodik, ugyanis az imaalkalomra val\u00f3 bejelentkez\u00e9s ut\u00e1n ezen helys\u00e9geket az \u00c9giek\u00a0oltalm\u00e1ba aj\u00e1nljuk.<br \/>\nA szolg\u00e1lat kezdet\u00e9t\u0151l 2008 j\u00falius 19-t\u0151l, 2013 febru\u00e1r 28-ig terjed\u0151 id\u0151szak ifjus\u00e1gi imaestjeinek sz\u00e1nd\u00e9kai <a href=\"http:\/\/www.imalanc.ro\/w\/?page_id=628\">-EZEN A HELYEN-<\/a> olvashat\u00f3ak. Ezennel k\u00f6sz\u00f6netet mondunk a <a href=\"http:\/\/www.kel.ro\">www.kel.ro<\/a> honlap szerkeszt\u0151inek, hogy ezalatt a t\u00f6bb mint n\u00e9gy \u00e9v alatt,\u00a0t\u00e1rolt\u00e1k \u00e9s szerkesztett\u00e9k ezeket az imasz\u00e1nd\u00e9kokat.<\/p>\n<h3>Szent L\u00e1szl\u00f3 nemzeti t\u00e1vimacsoport<\/h3>\n<p style=\"text-align: right;\"><em>\u201eTi pedig v\u00e1lasztott nemzets\u00e9g, kir\u00e1lyi paps\u00e1g, szent nemzet, megtart\u00e1sra val\u00f3 n\u00e9p vagytok, hogy hirdess\u00e9tek Annak hatalmas dolgait, a ki a s\u00f6t\u00e9ts\u00e9gb\u0151l az \u0151 csod\u00e1latos vil\u00e1goss\u00e1g\u00e1ra h\u00edvott el titeket\u201d (1 P\u00e9ter 2,9)<\/em><\/p>\n<p>Erd\u00e9lyi \u00e9s k\u00e1rp\u00e1tmedencei magyars\u00e1gunk meg\u00e9rett a hitben, becs\u00fcletben, erk\u00f6lcsben \u00e9s a szeretet gyakorl\u00e1s\u00e1ban val\u00f3 meg\u00fajul\u00e1sra. Ez\u00e9rt Istenben bizakodva l\u00e9trehoztunk egy engesztel\u0151 t\u00e1vimacsoportot, amely imah\u00e1tteret szolg\u00e1ltat a meg\u00fajul\u00e1shoz. Ezen imacsoportban k\u00fcl\u00f6nleges tisztelet \u00f6vezi a Vil\u00e1g Gy\u0151zedelmes Kir\u00e1lyn\u0151j\u00e9t \u2013 Magyarok Nagyasszony\u00e1t &#8211; Csiksomly\u00f3i Sz\u0171zany\u00e1nkat, Szent Mih\u00e1ly arkangyalt, az \u00e1rp\u00e1dh\u00e1zi szenteket, k\u00fcl\u00f6n\u00f6sen Szent Istv\u00e1nt \u00e9s Szent L\u00e1szl\u00f3t, pietrelcinai Szent Pio aty\u00e1t, boldog IV. Habsburg K\u00e1rolyt, boldog Batthy\u00e1ny-Strattman L\u00e1szl\u00f3t, boldog Scheffler J\u00e1nos p\u00fcsp\u00f6k\u00f6t valamint boldogeml\u00e9k\u0171 M\u00e1rton \u00c1ron p\u00fcsp\u00f6k\u00f6t.<\/p>\n<p>Aki k\u00e9sztet\u00e9st \u00e9rez, hogy vel\u00fcnk egy\u00fctt im\u00e1dkozzon, azt megh\u00edvjuk k\u00f6z\u00f6s im\u00e1inkhoz a K\u00e1rp\u00e1tmedenc\u00e9b\u0151l \u00e9s szerte a Nagyvil\u00e1gb\u00f3l. Csoportunk alap\u00edt\u00f3 tagjai a\u00a0 Magyarok Nagyasszonya, Vil\u00e1g Gy\u0151zelmes Kir\u00e1lyn\u0151je, Szent Korona Lovagrend lovagjai \u00e9s d\u00e1m\u00e1i, megh\u00edvottjai pedig: kereszt\u00e9ny csal\u00e1di k\u00f6tel\u00e9kben \u00e9l\u0151 f\u00e9rjek, feles\u00e9gek, csal\u00e1dany\u00e1k \u00e9s csal\u00e1dap\u00e1k, hajadonok \u00e9s ifjak, valamint az \u00dar szolg\u00e1lat\u00e1ra felszentelt szem\u00e9lyek.<\/p>\n<p>Imacsoportunk tagjai a &#8211; 2009 febru\u00e1r 2, Gy\u00fcm\u00f6lcsolt\u00f3 Boldogasszony napi &#8211; alap\u00edt\u00e1s \u00e9rtelm\u00e9ben minden h\u00f3nap m\u00e1sodik cs\u00fct\u00f6rt\u00f6k\u00e9n, esti \u00f3r\u00e1ban &#8211; \u00e1ltal\u00e1ban 22 \u00f3rakor &#8211; im\u00e1dkozz\u00e1k a r\u00f3zsaf\u00fcz\u00e9rt, alkalmank\u00e9nt 5 tizedet, mindenki azon a helyen, ahova az \u00dar szolg\u00e1lata rendelte. Az im\u00e1ra val\u00f3 felk\u00e9r\u00e9s mobiltelefos \u00fczenetben \u00e9rkezik, legal\u00e1bb k\u00e9t-h\u00e1rom \u00f3r\u00e1val az ima id\u0151pontja el\u0151tt. A <a href=\"http:\/\/www.IMALANC.RO\">www.imalanc.ro<\/a> honlapon az imasz\u00e1nd\u00e9kok olvashat\u00f3k, legal\u00e1bb egy \u00f3r\u00e1val az imaalkalom el\u0151tt. Aki nem tud internethez hozz\u00e1f\u00e9rni, az k\u00e9r\u00e9sre megkapja a sz\u00e1nd\u00e9kokat \u00fczenetben.<\/p>\n<p>Az imabevezet\u0151ben az imacsoport v\u00e9d\u0151szentjeinek Szent L\u00e1szl\u00f3 kir\u00e1lynak \u00e9s Boldog IV. Habsburg K\u00e1roly kir\u00e1lynak a k\u00f6zbenj\u00e1r\u00e1s\u00e1t k\u00e9rj\u00fck, ezut\u00e1n a Szentlelket h\u00edvjuk seg\u00edts\u00e9g\u00fcl. Az ima befejez\u00f6j\u00e9ben az \u00dar \u00e1ld\u00e1s\u00e1t k\u00e9rj\u00fck az im\u00e1dkoz\u00f3kra, sz\u00e1nd\u00e9kaikra, csal\u00e1djaikra \u00e9s azokra a k\u00e1rp\u00e1tmedencei helys\u00e9gekre, ahonnan az adott id\u0151ben egy\u00fctt im\u00e1dkoztunk. Az im\u00e1ra val\u00f3 felk\u00e9r\u00e9s ut\u00e1n k\u00e9rj\u00fck a bekapcsol\u00f3d\u00e1si sz\u00e1nd\u00e9kot visszajelezni, ugyanarra a mobiltelefonsz\u00e1mra, ahonnan a felk\u00e9r\u00e9s \u00e9rkezett.<\/p>\n<p>\u00c1lland\u00f3 imasz\u00e1nd\u00e9kunk: <em><strong>\u201e\u00daj\u00edtsd meg Urunk Nemzet\u00fcnket hitben, becs\u00fcletben, erk\u00f6lcsben \u00e9s a szeretet gyakorl\u00e1s\u00e1ban!\u201d<\/strong><\/em><\/p>\n<p>Az imacsoportba val\u00f3 beiratkoz\u00e1s az <a href=\"mailto:orban_laszlo_ics@yahoo.com\">orban_laszlo_ics@yahoo.com<\/a> e-mail c\u00edmen lehets\u00e9ges. Ide k\u00e9rj\u00fck a feliratkoz\u00f3 nev\u00e9t, mobilsz\u00e1m\u00e1t, azt a helys\u00e9get ahol t\u00f6bbnyire tart\u00f3zkodik, valamint az imacsoport nev\u00e9t, amelyikbe beiratkozni sz\u00e1nd\u00e9kozik. Rendezv\u00e9nyeinket a Krisztusi-szeretet jegy\u00e9ben \u00e9s Boldogasszonyunk \u00e1ltal sug\u00e1rzott \u00f6sszetart\u00f3 er\u0151 seg\u00edts\u00e9g\u00e9vel tartjuk!\u00a0 \u00c1ldjon meg az \u00dar minden vel\u00fcnk imadkoz\u00f3 szem\u00e9lyt \u00e9s csal\u00e1dot!<br \/>\nA szolg\u00e1lat kezdet\u00e9t\u0151l 2009 febru\u00e1r 12-t\u0151l, 2013\u00a0febru\u00e1r 28-ig terjed\u0151 id\u0151szak nemzeti imaestjeinek sz\u00e1nd\u00e9kai <a href=\"http:\/\/www.imalanc.ro\/w\/?page_id=664\">-EZEN A HELYEN-<\/a> olvashat\u00f3ak. Ezennel k\u00f6sz\u00f6netet mondunk a <a href=\"http:\/\/www.kel.ro\">www.kel.ro<\/a> honlap szerkeszt\u0151inek, hogy ezalatt a t\u00f6bb mint\u00a0n\u00e9gy \u00e9v alatt,\u00a0t\u00e1rolt\u00e1k \u00e9s szerkesztett\u00e9k ezeket az imasz\u00e1nd\u00e9kokat.<\/p>\n<h3>Batthy\u00e1ny-Strattman L\u00e1szl\u00f3 csal\u00e1dos t\u00e1vimacsoport<\/h3>\n<p style=\"text-align: right;\"><em>\u201eFeles\u00e9ged mint sz\u00e9pen term\u0151 sz\u0151l\u0151t\u0151 oldalad melett, fiaid mint olajfa csemet\u00e9k asztalod k\u00f6r\u0171l, l\u00e1m ilyen \u00e1ld\u00e1sban r\u00e9szes\u00fcl az ember aki f\u00e9li az Urat.&#8221; (Zsolt 128,3)<\/em><\/p>\n<p>Boldog Batthy\u00e1ny-Strattmann L\u00e1szl\u00f3nak, a szeg\u00e9nyek orvos\u00e1nak, boldogg\u00e1 avat\u00e1sa ut\u00e1n, mint m\u00e9lt\u00f3 p\u00e9ldak\u00e9pet v\u00e1lasztottuk a csal\u00e1dos t\u00e1vimacsoport v\u00e9d\u0151szentj\u00e9v\u00e9. Csal\u00e1di \u00e9lete p\u00e9ld\u00e1s volt, tizenk\u00e9t gyermekkel aj\u00e1nd\u00e9kozta meg \u0151ket az \u00dar, kiknek nevel\u00e9s\u00e9t \u00e9s tan\u00edtatt\u00e1s\u00e1t feles\u00e9g\u00e9vel egyet\u00e9rt\u00e9sben p\u00e9ld\u00e1san v\u00e9gezt\u00e9k. Mindezen feladatok\u00a0mellett a hivat\u00e1s\u00e1r\u00f3l \u00e9s az irgalmass\u00e1g cselekedeteir\u0151l tett tanus\u00e1got, amikor az arra r\u00e1szorul\u00f3knak ellenszolg\u00e1ltat\u00e1s n\u00e9lk\u00fcli ingyen korh\u00e1zat hozott l\u00e9tre. P\u00e9l\u00e1ja \u00f6r\u00f6k\u00e9rv\u00e9ny\u00fc a mai csal\u00e1dok sz\u00e1m\u00e1ra is.<\/p>\n<p>Erd\u00e9lyi \u00e9s k\u00e1rp\u00e1tmedencei magyars\u00e1gunknak \u00e9get\u0151 sz\u00fcks\u00e9ge van gyermekekre, akik egy boldogabb kort \u00e9rjenek meg az Istenben bizakodva. A csal\u00e1d a szeretet egys\u00e9gnyi sejtje, ezen bel\u00fcl a gyermek j\u00f6v\u0151nk biztos\u00edt\u00e9ka \u00e9s z\u00e1loga. El\u00e9rkezettnek l\u00e1tjuk az id\u0151t, hogy l\u00e9trehozzunk egy olyan t\u00e1vimacsoportot, amely magyar gyermek\u00e1ld\u00e1s\u00e9rt im\u00e1dkozik a K\u00e1rp\u00e1tmedenc\u00e9ben \u00e9s szerte a Nagyvil\u00e1gban. Aki \u00e9rettnek \u00e9rzi mag\u00e1t, hogy vel\u00fcnk egy\u00fctt im\u00e1dkozzon, azt megh\u00edvjuk k\u00f6z\u00f6s im\u00e1inkhoz. Csoportunk tagjai: kereszt\u00e9ny csal\u00e1di k\u00f6tel\u00e9kben \u00e9l\u0151 f\u00e9rjek, feles\u00e9gek, csal\u00e1dany\u00e1k \u00e9s csal\u00e1dap\u00e1k, hajadonok \u00e9s ifjak valamint az \u00dar szolg\u00e1lat\u00e1ra felszentelt szem\u00e9lyek.<\/p>\n<p>Imacsoportunk tagjai minden h\u00f3nap harmadik cs\u00fct\u00f6rt\u00f6k\u00e9n, esti \u00f3r\u00e1ban im\u00e1dkozz\u00e1k a r\u00f3zsaf\u00fcz\u00e9rt, alkalmank\u00e9nt 3-5 tizedet, mindenki azon a helyen, ahova az \u00dar szolg\u00e1lata rendelte. Az im\u00e1ra val\u00f3 felk\u00e9r\u00e9s mobiltelefos \u00fczenetben \u00e9rkezik, legal\u00e1bb k\u00e9t-h\u00e1rom \u00f3r\u00e1val az ima id\u0151pontja el\u0151tt. A <a href=\"http:\/\/www.IMALANC.RO\">www.imalanc.ro<\/a> honlapon az imasz\u00e1nd\u00e9kok olvashat\u00f3k, legal\u00e1bb egy \u00f3r\u00e1val az imaalkalom el\u0151tt. Aki nem tud internethez hozz\u00e1f\u00e9rni, az k\u00e9r\u00e9sre megkapja a sz\u00e1nd\u00e9kokat \u00fczenetben.<\/p>\n<p>Az imabevezet\u0151ben a csoportvezet\u0151 az imacsoport v\u00e9d\u0151szentj\u00e9nek Boldog Batthy\u00e1ny-Strattmann L\u00e1szl\u00f3nak k\u00f6zbenj\u00e1r\u00e1s\u00e1t k\u00e9ri, ezut\u00e1n a Szentlelket h\u00edvja seg\u00edts\u00e9g\u00fcl \u00e9s bevezeti az im\u00e1dkozni sz\u00e1nd\u00e9koz\u00f3kat az im\u00e1ba, valamint k\u00e9ri az \u00dar \u00e1ld\u00e1s\u00e1t az im\u00e1dkoz\u00f3k csal\u00e1djaira \u00e9s azokra k\u00e1rp\u00e1tmedencei helys\u00e9gekre, ahonnan az adott id\u0151ben az ima sz\u00e1ll. Ez\u00e9rt az im\u00e1ra val\u00f3 felk\u00e9r\u00e9s ut\u00e1n k\u00e9rj\u00fck a bekapcsol\u00f3d\u00e1si sz\u00e1nd\u00e9kot visszajelezni, ugyanarra a mobiltelefonsz\u00e1mra, ahonnan a felk\u00e9r\u00e9s \u00e9rkezett.<\/p>\n<p>\u00c1lland\u00f3 imasz\u00e1nd\u00e9kunk: <em><strong>\u201eR\u00e9szes\u00edts Urunk gyermek\u00e1ld\u00e1sban minden hozz\u00e1d fordul\u00f3 magyar h\u00e1zasp\u00e1rt!\u201d<\/strong><\/em><\/p>\n<p>Az imacsoportba val\u00f3 beiratkoz\u00e1s az <a href=\"mailto:orban_laszlo_ics@yahoo.com\">orban_laszlo_ics@yahoo.com<\/a> e-mail c\u00edmen lehets\u00e9ges. Ide k\u00e9rj\u00fck a feliratkoz\u00f3 nev\u00e9t, mobilsz\u00e1m\u00e1t, azt a helys\u00e9get, ahonnan sz\u00e1rmazik \u00e9s azt a helys\u00e9get, ahol t\u00f6bbnyire tart\u00f3zkodik, valamint az imacsoport nev\u00e9t, amelyikbe beiratkozni sz\u00e1nd\u00e9kozik.<br \/>\nA szolg\u00e1lat kezdet\u00e9t\u0151l 2008 december 24-t\u0151l, 2013 febru\u00e1r 28-ig terjed\u0151 id\u0151szak csal\u00e1dos imaestjeinek sz\u00e1nd\u00e9kai <a href=\"http:\/\/www.imalanc.ro\/w\/?page_id=641\">-EZEN A HELYEN-<\/a> olvashat\u00f3ak. Ezennel k\u00f6sz\u00f6netet mondunk a <a href=\"http:\/\/www.kel.ro\">www.kel.ro<\/a> honlap szerkeszt\u0151inek, hogy ezalatt a t\u00f6bb mint\u00a0n\u00e9gy \u00e9v alatt, t\u00e1rolt\u00e1k \u00e9s szerkesztett\u00e9k ezeket az imasz\u00e1nd\u00e9kokat.<\/p>\n<h3>M\u00e1rton \u00c1ron p\u00fcsp\u00f6k hivat\u00e1sok t\u00e1vimacsoportja<\/h3>\n<p style=\"text-align: right;\"><em>&#8222;\u00c9n vagyok a j\u00f3 p\u00e1sztor. A j\u00f3 p\u00e1sztor \u00e9let\u00e9t adja a juhok\u00e9rt.\u00a0A b\u00e9res azonban, aki nem p\u00e1sztor, akinek a juhok nem tulajdonai, amikor l\u00e1tja, hogy j\u00f6n a farkas, elhagyja a juhokat \u00e9s elfut \u2013 a farkas pedig elragadja \u00e9s sz\u00e9tsz\u00e9leszti azokat \u2013,\u00a0mert b\u00e9res, \u00e9s nem t\u00f6r\u0151dik a juhokkal.\u00a0&#8221;\u00a0(J\u00e1n. 10,11-13)<\/em><\/p>\n<p>Ebben az imacsoportban a hivat\u00e1sok\u00e9rt imadkozunk. A papi, lelkip\u00e1sztori, szerzetesi hivat\u00e1sok\u00e9rt \u00e9pp\u00fagy mint a nevel\u00e9sben \u00e9s a csal\u00e1dban felt\u00e9tlen\u00fcl sz\u00fcks\u00e9ges tan\u00edt\u00f3i, tan\u00e1ri, hitoktat\u00f3i valamint csal\u00e1danyai \u00e9s csal\u00e1dapai hivat\u00e1sok\u00e9rt. Ennek a t\u00e1vimacsoportnak a v\u00e9d\u0151szentjei Vianney Szent J\u00e1nos \u00e9s boldog Salkah\u00e1zi S\u00e1ra.<\/p>\n<p>Imacsoportunk tagjai minden h\u00f3nap els\u0151 cs\u00fct\u00f6rt\u00f6k\u00e9n, esti \u00f3r\u00e1ban im\u00e1dkozz\u00e1k a r\u00f3zsaf\u00fcz\u00e9rt, alkalmank\u00e9nt 3-5 tizedet, mindenki azon a helyen, ahova az \u00dar szolg\u00e1lata rendelte. Az im\u00e1ra val\u00f3 felk\u00e9r\u00e9s mobiltelefos \u00fczenetben \u00e9rkezik, legal\u00e1bb \u00f6t-hat \u00f3r\u00e1val az ima id\u0151pontja el\u0151tt. A <a href=\"http:\/\/www.imalanc.ro\/\">www.imalanc.ro<\/a> honlapon az imasz\u00e1nd\u00e9kok olvashat\u00f3k, legal\u00e1bb egy \u00f3r\u00e1val az imaalkalom el\u0151tt. Aki nem tud internethez hozz\u00e1f\u00e9rni, az k\u00e9r\u00e9sre megkapja a sz\u00e1nd\u00e9kokat \u00fczenetben.<\/p>\n<p>A szolg\u00e1lat kezdet\u00e9t\u0151l 2009 november 5-t\u0151l, 2013 febru\u00e1r 28-ig terjed\u0151 id\u0151szak hivat\u00e1sok\u00e9rt tartott imaestjeinek sz\u00e1nd\u00e9kai <a href=\"http:\/\/www.imalanc.ro\/w\/?page_id=684\">-EZEN A HELYEN-<\/a> olvashat\u00f3ak. Ezennel k\u00f6sz\u00f6netet mondunk a <a href=\"http:\/\/www.kel.ro\">www.kel.ro<\/a> honlap szerkeszt\u0151inek, hogy ezalatt a t\u00f6bb mint\u00a0h\u00e1rom \u00e9v alatt,\u00a0t\u00e1rolt\u00e1k \u00e9s szerkesztett\u00e9k ezeket az imasz\u00e1nd\u00e9kokat.<\/p>\n<p>\u00c1ld\u00e1sos munk\u00e1t \u00e9s a hitben val\u00f3 kitart\u00e1st k\u00edv\u00e1n,\u00a0imacsoportunk minden tagj\u00e1nak, a kolozsv\u00e1ri B\u00edr\u00f3 csal\u00e1d.<\/p>\n","protected":false},"excerpt":{"rendered":"Orb\u00e1n L\u00e1szl\u00f3 ifj\u00fas\u00e1gi t\u00e1vimacsoport \u00a0\u00a0 \u201eEz\u00e9rt az ember elhagyja apj\u00e1t \u00e9s anyj\u00e1t, a feles\u00e9g\u00e9hez ragaszkodik \u00e9s a kett\u0151 egy testt\u00e9&#8230;","protected":false},"author":2,"featured_media":0,"parent":4,"menu_order":0,"comment_status":"closed","ping_status":"closed","template":"","meta":{"footnotes":""},"class_list":["post-366","page","type-page","status-publish","hentry"],"_links":{"self":[{"href":"https:\/\/imalanc.ro\/w\/wp-json\/wp\/v2\/pages\/366","targetHints":{"allow":["GET"]}}],"collection":[{"href":"https:\/\/imalanc.ro\/w\/wp-json\/wp\/v2\/pages"}],"about":[{"href":"https:\/\/imalanc.ro\/w\/wp-json\/wp\/v2\/types\/page"}],"author":[{"embeddable":true,"href":"https:\/\/imalanc.ro\/w\/wp-json\/wp\/v2\/users\/2"}],"replies":[{"embeddable":true,"href":"https:\/\/imalanc.ro\/w\/wp-json\/wp\/v2\/comments?post=366"}],"version-history":[{"count":23,"href":"https:\/\/imalanc.ro\/w\/wp-json\/wp\/v2\/pages\/366\/revisions"}],"predecessor-version":[{"id":22607,"href":"https:\/\/imalanc.ro\/w\/wp-json\/wp\/v2\/pages\/366\/revisions\/22607"}],"up":[{"embeddable":true,"href":"https:\/\/imalanc.ro\/w\/wp-json\/wp\/v2\/pages\/4"}],"wp:attachment":[{"href":"https:\/\/imalanc.ro\/w\/wp-json\/wp\/v2\/media?parent=366"}],"curies":[{"name":"wp","href":"https:\/\/api.w.org\/{rel}","templated":true}]}}