{"id":22608,"date":"2020-03-27T14:06:12","date_gmt":"2020-03-27T13:06:12","guid":{"rendered":"http:\/\/imalanc.ro\/w\/?page_id=22608"},"modified":"2025-12-24T13:55:44","modified_gmt":"2025-12-24T12:55:44","slug":"szentpeteri-harangszo","status":"publish","type":"page","link":"https:\/\/imalanc.ro\/w\/szentpeteri-harangszo\/","title":{"rendered":"Szentp\u00e9teri Harangsz\u00f3"},"content":{"rendered":"<p style=\"text-align: center;\">A Szentp\u00e9teri Harangsz\u00f3 a kolozsv\u00e1ri Szent P\u00e9ter \u00e9s P\u00e1l pl\u00e9b\u00e1nia-templom \u00fajs\u00e1ga.<\/p>\n<p style=\"text-align: center;\">Az \u00e9rtes\u00edt\u0151t k\u00e9sz\u00edtik: Ferencz Antal pl\u00e9b\u00e1nos, B\u00edr\u00f3 Jol\u00e1n-Ilona, B\u00edr\u00f3 Ern\u0151, \u00c1rvay Zsolt \u00e9s sokan m\u00e1sok.<br \/>\nSzerkeszt\u0151s\u00e9g: 400604 Kolozsv\u00e1r, B-dul 21 Decembrie, Nr. 136, e-mail: biro_jolan71@yahoo.com.<br \/>\nLapunk ingyenes, de b\u00e1rmilyen adom\u00e1nyt a pl\u00e9b\u00e1niai tev\u00e9kenys\u00e9gek sz\u00e1m\u00e1ra \u00f6r\u00f6mmel elfogadunk.<\/p>\n<p style=\"text-align: center;\"><a href=\"https:\/\/imalanc.ro\/w\/wp-content\/uploads\/Szentpeteri-harangszo-2025-12-24.pdf\">Szentpeteri-harangszo-2025-12-24<\/a><\/p>\n<p style=\"text-align: center;\"><a href=\"https:\/\/imalanc.ro\/w\/wp-content\/uploads\/Szentpeteri-harangszo-2023-06-29.pdf\">Szentpeteri-harangszo-2023-06-29<\/a><\/p>\n<p style=\"text-align: center;\"><a href=\"https:\/\/imalanc.ro\/w\/wp-content\/uploads\/Szentpeteri-harangszo-2023-05-28.pdf\">Szentpeteri-harangszo-2023-05-28<\/a><\/p>\n<p style=\"text-align: center;\"><a href=\"https:\/\/imalanc.ro\/w\/wp-content\/uploads\/Szentpeteri-harangszo-2023-04-09.pdf\">Szentpeteri-harangszo-2023-04-09<\/a><\/p>\n<p style=\"text-align: center;\"><a href=\"https:\/\/imalanc.ro\/w\/wp-content\/uploads\/Szentpeteri-harangszo-2023-03-22.pdf\">Szentpeteri-harangszo-2023-03-22<\/a><\/p>\n<p style=\"text-align: center;\"><a href=\"https:\/\/imalanc.ro\/w\/wp-content\/uploads\/Szentpeteri-harangszo-2023-02-24.pdf\">Szentpeteri-harangszo-2023-02-24<\/a><\/p>\n<p style=\"text-align: center;\"><a href=\"https:\/\/imalanc.ro\/w\/wp-content\/uploads\/Szentpeteri-harangszo-2022-01-31.pdf\">Szentpeteri-harangszo-2022-01-31<\/a><\/p>\n<p style=\"text-align: center;\"><a href=\"https:\/\/imalanc.ro\/w\/wp-content\/uploads\/Szentpeteri-harangszo-2022-12-25.pdf\">Szentpeteri-harangszo-2022-12-25<\/a><\/p>\n<p style=\"text-align: center;\"><a href=\"https:\/\/imalanc.ro\/w\/wp-content\/uploads\/Szentpeteri-harangszo-2022-11-19.pdf\">Szentpeteri-harangszo-2022-11-19<\/a><\/p>\n<p style=\"text-align: center;\"><a href=\"https:\/\/imalanc.ro\/w\/wp-content\/uploads\/Szentpeteri-harangszo-2022-10-08.pdf\">Szentpeteri-harangszo-2022-10-08<\/a><\/p>\n<p style=\"text-align: center;\"><a href=\"https:\/\/imalanc.ro\/w\/wp-content\/uploads\/Szentpeteri-harangszo-2022-06-29.pdf\">Szentpeteri-harangszo-2022-06-29<\/a><\/p>\n<p style=\"text-align: center;\"><a href=\"https:\/\/imalanc.ro\/w\/wp-content\/uploads\/Szentpeteri-harangszo-2022-05-28.pdf\">Szentpeteri-harangszo-2022-05-28<\/a><\/p>\n<p style=\"text-align: center;\"><a href=\"https:\/\/imalanc.ro\/w\/wp-content\/uploads\/Szentpeteri-harangszo-2022-04-17.pdf\">Szentpeteri-harangszo-2022-04-17<\/a><\/p>\n<p style=\"text-align: center;\"><a href=\"https:\/\/imalanc.ro\/w\/wp-content\/uploads\/Szentpeteri-harangszo-2022-03-27.pdf\">Szentpeteri-harangszo-2022-03-27<\/a><\/p>\n<p style=\"text-align: center;\"><a href=\"https:\/\/imalanc.ro\/w\/wp-content\/uploads\/Szentpeteri-harangszo-2022-01-29.pdf\">Szentpeteri-harangszo-2022-01-29<\/a><\/p>\n<p style=\"text-align: center;\"><a href=\"https:\/\/imalanc.ro\/w\/wp-content\/uploads\/Szentpeteri-harangszo-2021-12-30.pdf\">Szentpeteri-harangszo-2021-12-30<\/a><\/p>\n<p style=\"text-align: center;\"><a href=\"https:\/\/imalanc.ro\/w\/wp-content\/uploads\/Szentpeteri-harangszo-2021-11-30.pdf\">Szentpeteri-harangszo-2021-11-30<\/a><\/p>\n<p style=\"text-align: center;\"><a href=\"https:\/\/imalanc.ro\/w\/wp-content\/uploads\/Szentpeteri-harangszo-2021-10-31-1.pdf\">Szentpeteri-harangszo-2021-10-31<\/a><\/p>\n<p style=\"text-align: center;\"><a href=\"https:\/\/imalanc.ro\/w\/wp-content\/uploads\/Szentpeteri-harangszo-2021-09-26.pdf\">Szentpeteri-harangszo-2021-09-26<\/a><\/p>\n<p style=\"text-align: center;\"><a href=\"https:\/\/imalanc.ro\/w\/wp-content\/uploads\/Szentpeteri-harangszo-2021-07-29.pdf\">Szentpeteri-harangszo-2021-07-29<\/a><\/p>\n<p style=\"text-align: center;\"><a href=\"https:\/\/imalanc.ro\/w\/wp-content\/uploads\/Szentpeteri-harangszo-2021-06-29.pdf\">Szentpeteri-harangszo-2021-06-29<\/a><\/p>\n<p style=\"text-align: center;\"><a href=\"https:\/\/imalanc.ro\/w\/wp-content\/uploads\/Szentpeteri-harangszo-2021-05-22.pdf\">Szentpeteri-harangszo-2021-05-22<\/a><\/p>\n<p style=\"text-align: center;\"><a href=\"https:\/\/imalanc.ro\/w\/wp-content\/uploads\/Szentpeteri-harangszo-2021-04-29.pdf\">Szentpeteri-harangszo-2021-04-29<\/a><\/p>\n<p style=\"text-align: center;\"><a href=\"https:\/\/imalanc.ro\/w\/wp-content\/uploads\/Szentpeteri-harangszo-2021-03-24.pdf\">Szentpeteri-harangszo-2021-03-24<\/a><\/p>\n<p style=\"text-align: center;\"><a href=\"https:\/\/imalanc.ro\/w\/wp-content\/uploads\/Szentpeteri-harangszo-2021-02-24.pdf\">Szentpeteri-harangszo-2021-02-24<\/a><\/p>\n<p style=\"text-align: center;\"><a href=\"https:\/\/imalanc.ro\/w\/wp-content\/uploads\/Szentpeteri-harangszo-2021-01-28.pdf\">Szentpeteri-harangszo-2021-01-28<\/a><\/p>\n<p style=\"text-align: center;\"><a href=\"https:\/\/imalanc.ro\/w\/wp-content\/uploads\/Szentpeteri-harangszo-2020-12-24.pdf\">Szentpeteri-harangszo-2020-12-24<\/a><\/p>\n<p style=\"text-align: center;\"><a href=\"https:\/\/imalanc.ro\/w\/wp-content\/uploads\/Szentpeteri-harangszo-2020-11-22.pdf\">Szentpeteri-harangszo-2020-11-22<\/a><\/p>\n<p style=\"text-align: center;\"><a href=\"https:\/\/imalanc.ro\/w\/wp-content\/uploads\/Szentpeteri-harangszo-2020-10-25.pdf\">Szentpeteri-harangszo-2020-10-25<\/a><\/p>\n<p style=\"text-align: center;\"><a href=\"https:\/\/imalanc.ro\/w\/wp-content\/uploads\/Szentpeteri-harangszo-2020-09-27.pdf\">Szentpeteri-harangszo-2020-09-27<\/a><\/p>\n<p style=\"text-align: center;\"><a href=\"https:\/\/imalanc.ro\/w\/wp-content\/uploads\/Szentpeteri-harangszo-2020-08-15.pdf\">Szentpeteri-harangszo-2020-08-15<\/a><\/p>\n<p style=\"text-align: center;\"><a href=\"https:\/\/imalanc.ro\/w\/wp-content\/uploads\/Szentpeteri-harangszo-2020-06-28.pdf\">Szentpeteri-harangszo-2020-06-28<\/a><\/p>\n<p style=\"text-align: center;\"><a href=\"https:\/\/imalanc.ro\/w\/wp-content\/uploads\/Szentpeteri-harangszo-2020-05-30.pdf\">Szentpeteri-harangszo-2020-05-30<\/a><\/p>\n<p style=\"text-align: center;\"><a href=\"https:\/\/imalanc.ro\/w\/wp-content\/uploads\/Szentpeteri-harangszo-2020-04-26.pdf\">Szentpeteri-harangszo-2020-04-26<\/a><\/p>\n<p style=\"text-align: center;\"><a href=\"https:\/\/imalanc.ro\/w\/wp-content\/uploads\/Szentpeteri-harangszo-2020-03-25.pdf\">Szentpeteri-harangszo-2020-03-25<\/a><\/p>\n<p style=\"text-align: center;\"><a href=\"https:\/\/imalanc.ro\/w\/wp-content\/uploads\/Szentpeteri-harangszo-2020-02-23.pdf\">Szentpeteri-harangszo-2020-02-23<\/a><\/p>\n<p style=\"text-align: center;\"><a href=\"https:\/\/imalanc.ro\/w\/wp-content\/uploads\/Szentpeteri-harangszo-2020-01-26.pdf\">Szentpeteri-harangszo-2020-01-26<\/a><\/p>\n<p style=\"text-align: center;\"><a href=\"https:\/\/imalanc.ro\/w\/wp-content\/uploads\/Szentpeteri-harangszo-2019-12-25.pdf\">Szentpeteri-harangszo-2019-12-25<\/a><\/p>\n<p style=\"text-align: center;\"><a href=\"https:\/\/imalanc.ro\/w\/wp-content\/uploads\/Szentpeteri-harangszo-2019-11-24.pdf\">Szentpeteri-harangszo-2019-11-24<\/a><\/p>\n<p style=\"text-align: center;\"><a href=\"https:\/\/imalanc.ro\/w\/wp-content\/uploads\/Szentpeteri-harangszo-2019-10-27.pdf\">Szentpeteri-harangszo-2019-10-27<\/a><\/p>\n<p align=\"CENTER\">\u00a0<a href=\"https:\/\/imalanc.ro\/w\/wp-content\/uploads\/Szentpeteri-harangszo-2019-09-27.pdf\">Szentpeteri-harangszo-2019-09-27<\/a><\/p>\n<p align=\"CENTER\"><a href=\"https:\/\/imalanc.ro\/w\/wp-content\/uploads\/Szentpeteri-harangszo-2019-08-15.pdf\">Szentpeteri-harangszo-2019-08-15<\/a><\/p>\n<p align=\"CENTER\"><a href=\"https:\/\/imalanc.ro\/w\/wp-content\/uploads\/Szentpeteri-harangszo-2019-07-01.pdf\">Szentpeteri-harangszo-2019-07-01<\/a><\/p>\n","protected":false},"excerpt":{"rendered":"A Szentp\u00e9teri Harangsz\u00f3 a kolozsv\u00e1ri Szent P\u00e9ter \u00e9s P\u00e1l pl\u00e9b\u00e1nia-templom \u00fajs\u00e1ga. Az \u00e9rtes\u00edt\u0151t k\u00e9sz\u00edtik: Ferencz Antal pl\u00e9b\u00e1nos, B\u00edr\u00f3 Jol\u00e1n-Ilona, B\u00edr\u00f3&#8230;","protected":false},"author":2,"featured_media":0,"parent":0,"menu_order":0,"comment_status":"closed","ping_status":"closed","template":"","meta":{"footnotes":""},"class_list":["post-22608","page","type-page","status-publish","hentry"],"_links":{"self":[{"href":"https:\/\/imalanc.ro\/w\/wp-json\/wp\/v2\/pages\/22608","targetHints":{"allow":["GET"]}}],"collection":[{"href":"https:\/\/imalanc.ro\/w\/wp-json\/wp\/v2\/pages"}],"about":[{"href":"https:\/\/imalanc.ro\/w\/wp-json\/wp\/v2\/types\/page"}],"author":[{"embeddable":true,"href":"https:\/\/imalanc.ro\/w\/wp-json\/wp\/v2\/users\/2"}],"replies":[{"embeddable":true,"href":"https:\/\/imalanc.ro\/w\/wp-json\/wp\/v2\/comments?post=22608"}],"version-history":[{"count":36,"href":"https:\/\/imalanc.ro\/w\/wp-json\/wp\/v2\/pages\/22608\/revisions"}],"predecessor-version":[{"id":32585,"href":"https:\/\/imalanc.ro\/w\/wp-json\/wp\/v2\/pages\/22608\/revisions\/32585"}],"wp:attachment":[{"href":"https:\/\/imalanc.ro\/w\/wp-json\/wp\/v2\/media?parent=22608"}],"curies":[{"name":"wp","href":"https:\/\/api.w.org\/{rel}","templated":true}]}}